{"id":9,"date":"2022-05-22T13:42:05","date_gmt":"2022-05-22T11:42:05","guid":{"rendered":"http:\/\/decorchrom.pl\/?page_id=9"},"modified":"2023-01-05T21:22:35","modified_gmt":"2023-01-05T20:22:35","slug":"informacje","status":"publish","type":"page","link":"https:\/\/decorchrom.pl\/index.php\/informacje\/","title":{"rendered":"Spawamy i grawerujemy"},"content":{"rendered":"\n<p>Spawamy przegrody, pergole, tarasy, sto\u0142y, krzes\u0142a, fotele, stoliki kawowe, \u015bcianki dekoracyjne, bary, wieszaki itp.<\/p>\n\n\n\n<p>Zajmujemy si\u0119 r\u00f3wnie\u017c grawerowaniem, ci\u0119ciem, wykonywaniem wzor\u00f3w na sklejce, plexi, szkle, foli itp. <\/p>\n\n\n\n<p>Posiadamy lasery i plotery do ci\u0119cia i grawerowania.<br>W tej dziedzinie mo\u017cemy pochwali\u0107 si\u0119 wieloma projektami typu. medale, statuetki na r\u00f3\u017cnego rodzaju imprezy biegowe, podzi\u0119kowania, zegary z p\u0142yt winylowych, prezenty okoliczno\u015bciowe na sklejkach, lustrach, szklankach, kieliszkach oraz butelkach.<br>Zegary, pude\u0142ka na wino, ozdoby choinkowe wszelkiego rodzaju stojaki, tabliczki pami\u0105tkowe, prezenty okoliczno\u015bciowe, puzzle dla dzieci, toppery, podstawki, medale obr\u0105czki na serwetki, prezenty w formie tablic, zwierz\u0119ta geometryczne, wszelkiego rodzaju ozdoby \u015blubne, komunijne, deski kuchenne grawerowane.<\/p>\n","protected":false},"excerpt":{"rendered":"<p>Spawamy przegrody, pergole, tarasy, sto\u0142y, krzes\u0142a, fotele, stoliki kawowe, \u015bcianki dekoracyjne, bary, wieszaki itp. Zajmujemy si\u0119 r\u00f3wnie\u017c grawerowaniem, ci\u0119ciem, wykonywaniem wzor\u00f3w na sklejce, plexi, szkle, foli itp. Posiadamy lasery i plotery do ci\u0119cia i grawerowania.W tej dziedzinie mo\u017cemy pochwali\u0107 si\u0119 wieloma projektami typu. medale, statuetki na r\u00f3\u017cnego rodzaju imprezy biegowe, podzi\u0119kowania, zegary z p\u0142yt winylowych, &hellip; <\/p>\n<p class=\"link-more\"><a href=\"https:\/\/decorchrom.pl\/index.php\/informacje\/\" class=\"more-link\">Czytaj dalej<span class=\"screen-reader-text\"> \u201eSpawamy i grawerujemy\u201d<\/span><\/a><\/p>\n","protected":false},"author":1,"featured_media":270,"parent":0,"menu_order":0,"comment_status":"closed","ping_status":"closed","template":"","meta":{"footnotes":""},"class_list":["post-9","page","type-page","status-publish","has-post-thumbnail","hentry"],"_links":{"self":[{"href":"https:\/\/decorchrom.pl\/index.php\/wp-json\/wp\/v2\/pages\/9","targetHints":{"allow":["GET"]}}],"collection":[{"href":"https:\/\/decorchrom.pl\/index.php\/wp-json\/wp\/v2\/pages"}],"about":[{"href":"https:\/\/decorchrom.pl\/index.php\/wp-json\/wp\/v2\/types\/page"}],"author":[{"embeddable":true,"href":"https:\/\/decorchrom.pl\/index.php\/wp-json\/wp\/v2\/users\/1"}],"replies":[{"embeddable":true,"href":"https:\/\/decorchrom.pl\/index.php\/wp-json\/wp\/v2\/comments?post=9"}],"version-history":[{"count":5,"href":"https:\/\/decorchrom.pl\/index.php\/wp-json\/wp\/v2\/pages\/9\/revisions"}],"predecessor-version":[{"id":271,"href":"https:\/\/decorchrom.pl\/index.php\/wp-json\/wp\/v2\/pages\/9\/revisions\/271"}],"wp:featuredmedia":[{"embeddable":true,"href":"https:\/\/decorchrom.pl\/index.php\/wp-json\/wp\/v2\/media\/270"}],"wp:attachment":[{"href":"https:\/\/decorchrom.pl\/index.php\/wp-json\/wp\/v2\/media?parent=9"}],"curies":[{"name":"wp","href":"https:\/\/api.w.org\/{rel}","templated":true}]}}